{"id":198,"date":"2021-10-25T22:17:12","date_gmt":"2021-10-25T22:17:12","guid":{"rendered":"http:\/\/192.168.22.115\/garzagas\/?page_id=198"},"modified":"2022-05-07T21:33:02","modified_gmt":"2022-05-07T21:33:02","slug":"aviso-de-privacidad","status":"publish","type":"page","link":"https:\/\/www.garzagas.com.mx\/index.php\/aviso-de-privacidad\/","title":{"rendered":"AVISO DE PRIVACIDAD"},"content":{"rendered":"<p>[et_pb_section fb_built=\u00bb1&#8243; custom_padding_last_edited=\u00bbon|phone\u00bb next_background_color=\u00bb#ffffff\u00bb admin_label=\u00bbHeader\u00bb _builder_version=\u00bb4.11.1&#8243; use_background_color_gradient=\u00bbon\u00bb background_color_gradient_start=\u00bb#f6f7fa\u00bb background_color_gradient_end=\u00bbrgba(255,255,255,0)\u00bb background_color_gradient_direction=\u00bb110deg\u00bb background_color_gradient_start_position=\u00bb30%\u00bb background_color_gradient_overlays_image=\u00bbon\u00bb background_image=\u00bbhttps:\/\/www.garzagas.com.mx\/wp-content\/uploads\/2021\/10\/PIPAS-GAS-LP-GARZA-GAS.jpg\u00bb background_position=\u00bbcenter_right\u00bb custom_margin=\u00bb|||\u00bb custom_padding=\u00bb6vw||6vw||true|false\u00bb custom_padding_tablet=\u00bb||||false|false\u00bb custom_padding_phone=\u00bb||||false|false\u00bb bottom_divider_style=\u00bbwave\u00bb bottom_divider_height=\u00bb14px\u00bb bottom_divider_repeat=\u00bb28x\u00bb bottom_divider_repeat_tablet=\u00bb14x\u00bb bottom_divider_repeat_phone=\u00bb7x\u00bb bottom_divider_repeat_last_edited=\u00bbon|phone\u00bb global_colors_info=\u00bb{}\u00bb][et_pb_row _builder_version=\u00bb3.25&#8243; global_colors_info=\u00bb{}\u00bb][et_pb_column type=\u00bb4_4&#8243; _builder_version=\u00bb3.25&#8243; custom_padding=\u00bb|||\u00bb global_colors_info=\u00bb{}\u00bb custom_padding__hover=\u00bb|||\u00bb][et_pb_text _builder_version=\u00bb4.11.1&#8243; text_font=\u00bb||||||||\u00bb header_font=\u00bbCantata One||||||||\u00bb header_font_size=\u00bb50px\u00bb header_line_height=\u00bb1.4em\u00bb header_2_font=\u00bb||||||||\u00bb header_2_text_color=\u00bbrgba(0,0,0,0.35)\u00bb header_2_font_size=\u00bb20px\u00bb header_2_line_height=\u00bb1.6em\u00bb max_width=\u00bb500px\u00bb animation_style=\u00bbslide\u00bb animation_direction=\u00bbbottom\u00bb header_font_size_tablet=\u00bb35px\u00bb header_font_size_phone=\u00bb25px\u00bb header_font_size_last_edited=\u00bbon|desktop\u00bb global_colors_info=\u00bb{}\u00bb]<\/p>\n<h1 style=\"text-align: center;\"><span style=\"color: #1a3568;\">Aviso de privacidad<\/span><\/h1>\n<h1 style=\"text-align: center;\"><span style=\"color: #1a3568;\">GARZA GAS<\/span><\/h1>\n<div class=\"et_pb_module et_pb_text et_pb_text_0 et_pb_text_align_center et_pb_bg_layout_light et_had_animation\">\n<div class=\"et_pb_text_inner\">\n<h2 style=\"text-align: center;\"><span style=\"color: #1a3568;\">La Empresa que Tiene un Plan Especial Para Cada Negocio.<\/span><\/h2>\n<\/div>\n<\/div>\n<p>[\/et_pb_text][\/et_pb_column][\/et_pb_row][\/et_pb_section][et_pb_section fb_built=\u00bb1&#8243; admin_label=\u00bbAbout Us\u00bb _builder_version=\u00bb3.22&#8243; custom_padding=\u00bb30px|||||\u00bb global_colors_info=\u00bb{}\u00bb][et_pb_row padding_top_bottom_link_2=\u00bbfalse\u00bb _builder_version=\u00bb3.25&#8243; global_colors_info=\u00bb{}\u00bb][et_pb_column type=\u00bb4_4&#8243; _builder_version=\u00bb3.25&#8243; custom_padding=\u00bb|||\u00bb global_colors_info=\u00bb{}\u00bb custom_padding__hover=\u00bb|||\u00bb][et_pb_text _builder_version=\u00bb4.11.1&#8243; text_font=\u00bbOpen Sans||||||||\u00bb text_line_height=\u00bb2em\u00bb header_font=\u00bb||||||||\u00bb header_2_font=\u00bbCantata One||||||||\u00bb header_2_font_size=\u00bb40px\u00bb header_2_line_height=\u00bb1.4em\u00bb header_2_font_size_tablet=\u00bb35px\u00bb header_2_font_size_phone=\u00bb25px\u00bb header_2_font_size_last_edited=\u00bbon|phone\u00bb global_colors_info=\u00bb{}\u00bb]<\/p>\n<p style=\"text-align: justify;\"><span style=\"color: #00326b;\">La empresa Garza Gas S.A. de C.V. (en adelante referida como \u201dla empresa\u201d), con domicilio en Andre Marie Ampere Num. 8, Parque Industrial Cuamatla, Cuautitl\u00e1n Izcalli, Estado de M\u00e9xico, C.P. 54730, en observancia a lo que dispone la Ley de Protecci\u00f3n de Datos Personales en Posesi\u00f3n de Particulares (La ley), le informa por este medio que los datos personales que reciba de Usted, tales como: Nombre, Domicilio, Tel\u00e9fono, Correo Electr\u00f3nico, Datos Bancarios y Registro Federal de Contribuyentes; ser\u00e1n tratados con privacidad.<\/span><\/p>\n<p style=\"text-align: justify;\"><span style=\"color: #00326b;\">Esta informaci\u00f3n ser\u00e1 tratada \u00fanicamente para los fines propios de la actividad comercial que se desarrolla en \u00e9sta empresa, y por tal motivo, se le hace del conocimiento que a su vez podr\u00e1 ser transferida a terceras personas distintas a esta empresa que le prestan servicios de consultor\u00eda fiscal, legal y financiera, con el solo prop\u00f3sito de hacer cumplir las obligaciones y derechos propios de la relaci\u00f3n comercial y jur\u00eddica que previamente se haya originado, que se inicie a partir de \u00e9ste momento o que en un futuro se origine. Los terceros que reciban la informaci\u00f3n deber\u00e1n atender las mismas condiciones aqu\u00ed establecidas y reguladas por la citada legislaci\u00f3n.<\/span><\/p>\n<p style=\"text-align: justify;\"><span style=\"color: #00326b;\">Usted podr\u00e1 realizar cualquier aclaraci\u00f3n o manifestaci\u00f3n relacionada con sus datos personales, as\u00ed como, ejercer sus derechos consagrados en la Ley referentes al Acceso, Rectificaci\u00f3n, Cancelaci\u00f3n y Oposici\u00f3n (ARCO), a trav\u00e9s de un escrito libre que contenga los requisitos que menciona la Ley, as\u00ed como, el motivo del mismo, envi\u00e1ndolo a la siguiente direcci\u00f3n electr\u00f3nica admin@garzagas.com.mx.<\/span><\/p>\n<p style=\"text-align: justify;\"><span style=\"color: #00326b;\">En caso de no consentir la transferencia a terceras personas de sus datos personales, as\u00ed como, a no recibir informaci\u00f3n promocional y comercial de esta empresa, deber\u00e1 manifestarlo a trav\u00e9s de correo electr\u00f3nico a la cuenta admin@garzagas.com.mx. En caso de no expresar de \u00e9sta manera su negativa a la realizaci\u00f3n de estas acciones, se entender\u00e1 que otorga el consentimiento a la transferencia y uso de su informaci\u00f3n para los fines comerciales de esta empresa.<\/span><\/p>\n<p style=\"text-align: justify;\"><span style=\"color: #00326b;\">Cualquier cambio al presente aviso de privacidad, ser\u00e1 notificado por este medio, o publicado en el dominio de internet: www.garzagas.com.mx.<\/span><\/p>\n<p style=\"text-align: justify;\"><span style=\"color: #00326b;\">Fecha de actualizaci\u00f3n 01 de Abril de 2020.<br \/><\/span><\/p>\n<p>[\/et_pb_text][\/et_pb_column][\/et_pb_row][\/et_pb_section][et_pb_section fb_built=\u00bb1&#8243; admin_label=\u00bbFooter\u00bb _builder_version=\u00bb4.11.1&#8243; use_background_color_gradient=\u00bbon\u00bb background_color_gradient_start=\u00bb#1a3569&#8243; background_color_gradient_end=\u00bb#022584&#8243; background_image=\u00bbhttps:\/\/www.garzagas.com.mx\/wp-content\/uploads\/2021\/10\/dentist-08.png\u00bb parallax=\u00bbon\u00bb max_width=\u00bb90%\u00bb module_alignment=\u00bbcenter\u00bb custom_margin=\u00bb|-126px||||\u00bb custom_padding=\u00bb80px|0px|18vw|0px|false|false\u00bb animation_style=\u00bbroll\u00bb animation_direction=\u00bbtop\u00bb animation_intensity_roll=\u00bb2%\u00bb border_radii=\u00bb|||50vw|50vw\u00bb global_colors_info=\u00bb{}\u00bb][et_pb_row _builder_version=\u00bb4.11.1&#8243; _module_preset=\u00bbdefault\u00bb global_colors_info=\u00bb{}\u00bb][et_pb_column type=\u00bb4_4&#8243; _builder_version=\u00bb4.11.1&#8243; _module_preset=\u00bbdefault\u00bb global_colors_info=\u00bb{}\u00bb][et_pb_text _builder_version=\u00bb4.11.1&#8243; text_font=\u00bb|700|||||||\u00bb text_font_size=\u00bb35px\u00bb header_2_font=\u00bbCantata One||||||||\u00bb header_2_font_size=\u00bb50px\u00bb header_2_line_height=\u00bb1.4em\u00bb background_layout=\u00bbdark\u00bb animation_style=\u00bbslide\u00bb animation_direction=\u00bbbottom\u00bb header_2_font_size_tablet=\u00bb35px\u00bb header_2_font_size_phone=\u00bb25px\u00bb header_2_font_size_last_edited=\u00bbon|desktop\u00bb locked=\u00bboff\u00bb global_colors_info=\u00bb{}\u00bb]<\/p>\n<p style=\"text-align: center;\">Contacto<\/p>\n<p>[\/et_pb_text][\/et_pb_column][\/et_pb_row][et_pb_row column_structure=\u00bb3_5,2_5&#8243; _builder_version=\u00bb3.25&#8243; locked=\u00bboff\u00bb global_colors_info=\u00bb{}\u00bb][et_pb_column type=\u00bb3_5&#8243; _builder_version=\u00bb3.25&#8243; custom_padding=\u00bb|||\u00bb global_colors_info=\u00bb{}\u00bb custom_padding__hover=\u00bb|||\u00bb][et_pb_text _builder_version=\u00bb4.11.1&#8243; _module_preset=\u00bbdefault\u00bb background_color=\u00bb#FFFFFF\u00bb custom_padding=\u00bb20px|20px|20px|20px|true|true\u00bb border_radii=\u00bboff|||50px|50px\u00bb global_colors_info=\u00bb{}\u00bb]<\/p>\n<p><span style=\"color: #000000;\"><span>\u260e <\/span>Numero tel\u00e9fonico: 55 5864 9990<\/span><\/p>\n<p><span style=\"color: #000000;\"><span>\u25bc <\/span>Direcci\u00f3n: <span>Andre Marie Ampere Num. 8, Parque Industrial Cuamatla, Cuautitl\u00e1n Izcalli, Estado de M\u00e9xico, C.P. 54730<\/span><\/span><\/p>\n<p><span style=\"color: #000000;\"><span>\ud83d\udce8 <\/span>Correo electr\u00f3nico: <a href=\"mailto:contacto@garzagas.com.mx\" target=\"_blank\" rel=\"noopener\">contacto@garzagas.com.mx<\/a><\/span><br \/><span><\/span><\/p>\n<p>[\/et_pb_text][et_pb_text _builder_version=\u00bb4.11.1&#8243; _module_preset=\u00bbdefault\u00bb border_radii=\u00bboff|||70px|70px\u00bb global_colors_info=\u00bb{}\u00bb]<\/p>\n<p><iframe src=\"https:\/\/www.google.com\/maps\/embed?pb=!1m18!1m12!1m3!1d240723.20924345276!2d-99.39111825852332!3d19.485718498539374!2m3!1f0!2f0!3f0!3m2!1i1024!2i768!4f13.1!3m3!1m2!1s0x85d1fe0c2976246f%3A0x2485638556eb36c1!2sGarza%20Gas!5e0!3m2!1ses!2smx!4v1634836866285!5m2!1ses!2smx\" width=\"600\" height=\"450\" style=\"border: 0;\" allowfullscreen=\"\" loading=\"lazy\"><\/iframe><\/p>\n<p>[\/et_pb_text][et_pb_image src=\u00bbhttps:\/\/www.garzagas.com.mx\/wp-content\/uploads\/2021\/10\/pipa-de-gas-lp-garza-gas.png\u00bb title_text=\u00bbpipa de gas lp garza gas\u00bb align_tablet=\u00bbcenter\u00bb align_phone=\u00bb\u00bb align_last_edited=\u00bbon|desktop\u00bb _builder_version=\u00bb4.11.1&#8243; animation_direction=\u00bbtop\u00bb global_colors_info=\u00bb{}\u00bb][\/et_pb_image][\/et_pb_column][et_pb_column type=\u00bb2_5&#8243; _builder_version=\u00bb3.25&#8243; custom_padding=\u00bb|||\u00bb global_colors_info=\u00bb{}\u00bb custom_padding__hover=\u00bb|||\u00bb][et_pb_text _builder_version=\u00bb4.11.1&#8243; _module_preset=\u00bbdefault\u00bb background_color=\u00bb#f2f2f2&#8243; custom_margin=\u00bb|-22px||||\u00bb custom_padding=\u00bb20px|20px|20px|20px|true|true\u00bb border_radii=\u00bboff|||50px|50px\u00bb global_colors_info=\u00bb{}\u00bb]<\/p>\n<div class=\"wpcf7 no-js\" id=\"wpcf7-f139-o1\" lang=\"es-MX\" dir=\"ltr\">\n<div class=\"screen-reader-response\"><p role=\"status\" aria-live=\"polite\" aria-atomic=\"true\"><\/p> <ul><\/ul><\/div>\n<form action=\"\/index.php\/wp-json\/wp\/v2\/pages\/198#wpcf7-f139-o1\" method=\"post\" class=\"wpcf7-form init\" id=\"form_contacto\" aria-label=\"Formulario de contacto\" novalidate=\"novalidate\" data-status=\"init\">\n<div style=\"display: none;\">\n<input type=\"hidden\" name=\"_wpcf7\" value=\"139\" \/>\n<input type=\"hidden\" name=\"_wpcf7_version\" value=\"5.7.2\" \/>\n<input type=\"hidden\" name=\"_wpcf7_locale\" value=\"es_MX\" \/>\n<input type=\"hidden\" name=\"_wpcf7_unit_tag\" value=\"wpcf7-f139-o1\" \/>\n<input type=\"hidden\" name=\"_wpcf7_container_post\" value=\"0\" \/>\n<input type=\"hidden\" name=\"_wpcf7_posted_data_hash\" value=\"\" \/>\n<input type=\"hidden\" name=\"_wpcf7_recaptcha_response\" value=\"\" \/>\n<\/div>\n<p>Estamos en todo momento para escucharte, d\u00e9janos un mensaje y a la brevedad te daremos respuesta.\n<\/p>\n<p><label> *Nombre:<br \/>\n<span class=\"wpcf7-form-control-wrap\" data-name=\"your-name\"><input size=\"40\" class=\"wpcf7-form-control wpcf7-text wpcf7-validates-as-required\" id=\"name\" aria-required=\"true\" aria-invalid=\"false\" value=\"\" type=\"text\" name=\"your-name\" \/><\/span> <\/label>\n<\/p>\n<p>*Correo electr\u00f3nico:\n<\/p>\n<p><span class=\"wpcf7-form-control-wrap\" data-name=\"your-email\"><input size=\"40\" class=\"wpcf7-form-control wpcf7-text wpcf7-email wpcf7-validates-as-required wpcf7-validates-as-email\" id=\"email\" aria-required=\"true\" aria-invalid=\"false\" value=\"\" type=\"email\" name=\"your-email\" \/><\/span>\n<\/p>\n<p>*N\u00famero de tel\u00e9fono celular:\n<\/p>\n<p><span class=\"wpcf7-form-control-wrap\" data-name=\"your-telefono\"><input size=\"40\" class=\"wpcf7-form-control wpcf7-text wpcf7-tel wpcf7-validates-as-required wpcf7-validates-as-tel\" id=\"telefono\" aria-required=\"true\" aria-invalid=\"false\" value=\"\" type=\"tel\" name=\"your-telefono\" \/><\/span>\n<\/p>\n<p>*Asunto:\n<\/p>\n<p><span class=\"wpcf7-form-control-wrap\" data-name=\"your-asunto\"><input size=\"40\" class=\"wpcf7-form-control wpcf7-text wpcf7-validates-as-required\" id=\"asunto\" aria-required=\"true\" aria-invalid=\"false\" value=\"\" type=\"text\" name=\"your-asunto\" \/><\/span>\n<\/p>\n<p>*Mensaje:\n<\/p>\n<p><span class=\"wpcf7-form-control-wrap\" data-name=\"your-message\"><textarea cols=\"40\" rows=\"10\" class=\"wpcf7-form-control wpcf7-textarea wpcf7-validates-as-required\" id=\"mensaje\" aria-required=\"true\" aria-invalid=\"false\" name=\"your-message\"><\/textarea><\/span>\n<\/p>\n<p><label hidden> Empresa:<br \/>\n<span class=\"wpcf7-form-control-wrap\" data-name=\"empresa\"><input size=\"40\" class=\"wpcf7-form-control wpcf7-text\" id=\"empresa_id\" aria-invalid=\"false\" value=\"110\" type=\"text\" name=\"empresa\" \/><\/span> <\/label>\n<\/p>\n<p><span class=\"wpcf7-form-control-wrap\" data-name=\"checkbox-881\"><span class=\"wpcf7-form-control wpcf7-acceptance\"><span class=\"wpcf7-list-item\"><label><span class=\"wpcf7-list-item-label\">*He le\u00eddo y acepto los t\u00e9rminos y condiciones.<\/span><input type=\"checkbox\" name=\"checkbox-881\" value=\"1\" aria-invalid=\"false\" \/><\/label><\/span><\/span><\/span>\n<\/p>\n<p style=\"text-align: justify;\"> La empresa Garza Gas S.A. de C.V., hace de su conocimiento que la informaci\u00f3n de nuestros clientes es tratada de forma estrictamente confidencial, y al proporcionar sus datos personales es consiente del tratamiento de los mismos con diversas finalidades. Para conocer el texto completo del aviso de privacidad para clientes y clientes potenciales, favor de consultar el siguiente link: <a href=\"https:\/\/www.garzagas.com.mx\/index.php\/aviso-de-privacidad\/\">Aviso de privacidad<\/a>.\n<\/p>\n<p><input class=\"wpcf7-form-control has-spinner wpcf7-submit btn\" id=\"enviar\" type=\"submit\" value=\"Enviar\" \/>\n<\/p><input type='hidden' class='wpcf7-pum' value='{\"closepopup\":false,\"closedelay\":0,\"openpopup\":false,\"openpopup_id\":0}' \/><div class=\"wpcf7-response-output\" aria-hidden=\"true\"><\/div><\/form><\/div>\n<p>[\/et_pb_text][\/et_pb_column][\/et_pb_row][\/et_pb_section]<\/p>\n","protected":false},"excerpt":{"rendered":"<p>Aviso de privacidad GARZA GAS La Empresa que Tiene un Plan Especial Para Cada Negocio. La empresa Garza Gas S.A. de C.V. (en adelante referida como \u201dla empresa\u201d), con domicilio en Andre Marie Ampere Num. 8, Parque Industrial Cuamatla, Cuautitl\u00e1n Izcalli, Estado de M\u00e9xico, C.P. 54730, en observancia a lo que dispone la Ley de [&hellip;]<\/p>\n","protected":false},"author":1,"featured_media":0,"parent":0,"menu_order":0,"comment_status":"closed","ping_status":"closed","template":"","meta":{"_et_pb_use_builder":"on","_et_pb_old_content":"[et_pb_section fb_built=\"1\" custom_padding_last_edited=\"on|phone\" next_background_color=\"#ffffff\" admin_label=\"Header\" _builder_version=\"4.11.1\" use_background_color_gradient=\"on\" background_color_gradient_start=\"#f6f7fa\" background_color_gradient_end=\"rgba(255,255,255,0)\" background_color_gradient_direction=\"110deg\" background_color_gradient_start_position=\"30%\" background_color_gradient_overlays_image=\"on\" background_image=\"https:\/\/www.garzagas.com.mx\/wp-content\/uploads\/2021\/10\/PIPAS-GAS-LP-GARZA-GAS.jpg\" background_position=\"center_right\" custom_margin=\"|||\" custom_padding=\"6vw||6vw||true|false\" custom_padding_tablet=\"||||false|false\" custom_padding_phone=\"||||false|false\" bottom_divider_style=\"wave\" bottom_divider_height=\"14px\" bottom_divider_repeat=\"28x\" bottom_divider_repeat_tablet=\"14x\" bottom_divider_repeat_phone=\"7x\" bottom_divider_repeat_last_edited=\"on|phone\" global_colors_info=\"{}\"][et_pb_row _builder_version=\"3.25\" global_colors_info=\"{}\"][et_pb_column type=\"4_4\" _builder_version=\"3.25\" custom_padding=\"|||\" global_colors_info=\"{}\" custom_padding__hover=\"|||\"][et_pb_text _builder_version=\"4.11.1\" text_font=\"||||||||\" header_font=\"Cantata One||||||||\" header_font_size=\"50px\" header_line_height=\"1.4em\" header_2_font=\"||||||||\" header_2_text_color=\"rgba(0,0,0,0.35)\" header_2_font_size=\"20px\" header_2_line_height=\"1.6em\" max_width=\"500px\" animation_style=\"slide\" animation_direction=\"bottom\" header_font_size_tablet=\"35px\" header_font_size_phone=\"25px\" header_font_size_last_edited=\"on|desktop\" global_colors_info=\"{}\"]<h1 style=\"text-align: center;\"><span style=\"color: #1a3568;\">Aviso de privacidad<\/span><\/h1>\r\n<h1 style=\"text-align: center;\"><span style=\"color: #1a3568;\">GARZA GAS<\/span><\/h1>\r\n<div class=\"et_pb_module et_pb_text et_pb_text_0 et_pb_text_align_center et_pb_bg_layout_light et_had_animation\">\r\n<div class=\"et_pb_text_inner\">\r\n<h2 style=\"text-align: center;\"><span style=\"color: #1a3568;\">La Empresa que Tiene un Plan Especial Para Cada Negocio.<\/span><\/h2>\r\n<\/div>\r\n<\/div>[\/et_pb_text][\/et_pb_column][\/et_pb_row][\/et_pb_section][et_pb_section fb_built=\"1\" admin_label=\"About Us\" _builder_version=\"3.22\" custom_padding=\"30px|||||\" global_colors_info=\"{}\"][et_pb_row padding_top_bottom_link_2=\"false\" _builder_version=\"3.25\" global_colors_info=\"{}\"][et_pb_column type=\"4_4\" _builder_version=\"3.25\" custom_padding=\"|||\" global_colors_info=\"{}\" custom_padding__hover=\"|||\"][et_pb_text _builder_version=\"4.11.1\" text_font=\"Open Sans||||||||\" text_line_height=\"2em\" header_font=\"||||||||\" header_2_font=\"Cantata One||||||||\" header_2_font_size=\"40px\" header_2_line_height=\"1.4em\" header_2_font_size_tablet=\"35px\" header_2_font_size_phone=\"25px\" header_2_font_size_last_edited=\"on|phone\" global_colors_info=\"{}\"]<p style=\"text-align: justify;\"><span style=\"color: #00326b;\">La empresa Garza Gas S.A. de C.V. (en adelante referida como \u201dla empresa\u201d), con domicilio en Andre Marie Ampere Num. 8, Parque Industrial Cuamatla, Cuautitl\u00e1n Izcalli, Estado de M\u00e9xico, C.P. 54730, en observancia a lo que dispone la Ley de Protecci\u00f3n de Datos Personales en Posesi\u00f3n de Particulares (La ley), le informa por este medio que los datos personales que reciba de Usted, tales como: Nombre, Domicilio, Tel\u00e9fono, Correo Electr\u00f3nico, Datos Bancarios y Registro Federal de Contribuyentes; ser\u00e1n tratados con privacidad.<\/span><\/p>\r\n<p style=\"text-align: justify;\"><span style=\"color: #00326b;\">Esta informaci\u00f3n ser\u00e1 tratada \u00fanicamente para los fines propios de la actividad comercial que se desarrolla en \u00e9sta empresa, y por tal motivo, se le hace del conocimiento que a su vez podr\u00e1 ser transferida a terceras personas distintas a esta empresa que le prestan servicios de consultor\u00eda fiscal, legal y financiera, con el solo prop\u00f3sito de hacer cumplir las obligaciones y derechos propios de la relaci\u00f3n comercial y jur\u00eddica que previamente se haya originado, que se inicie a partir de \u00e9ste momento o que en un futuro se origine. Los terceros que reciban la informaci\u00f3n deber\u00e1n atender las mismas condiciones aqu\u00ed establecidas y reguladas por la citada legislaci\u00f3n.<\/span><\/p>\r\n<p style=\"text-align: justify;\"><span style=\"color: #00326b;\">Usted podr\u00e1 realizar cualquier aclaraci\u00f3n o manifestaci\u00f3n relacionada con sus datos personales, as\u00ed como, ejercer sus derechos consagrados en la Ley referentes al Acceso, Rectificaci\u00f3n, Cancelaci\u00f3n y Oposici\u00f3n (ARCO), a trav\u00e9s de un escrito libre que contenga los requisitos que menciona la Ley, as\u00ed como, el motivo del mismo, envi\u00e1ndolo a la siguiente direcci\u00f3n electr\u00f3nica admin@garzagas.com.mx.<\/span><\/p>\r\n<p style=\"text-align: justify;\"><span style=\"color: #00326b;\">En caso de no consentir la transferencia a terceras personas de sus datos personales, as\u00ed como, a no recibir informaci\u00f3n promocional y comercial de esta empresa, deber\u00e1 manifestarlo a trav\u00e9s de correo electr\u00f3nico a la cuenta admin@garzagas.com.mx. En caso de no expresar de \u00e9sta manera su negativa a la realizaci\u00f3n de estas acciones, se entender\u00e1 que otorga el consentimiento a la transferencia y uso de su informaci\u00f3n para los fines comerciales de esta empresa.<\/span><\/p>\r\n<p style=\"text-align: justify;\"><span style=\"color: #00326b;\">Cualquier cambio al presente aviso de privacidad, ser\u00e1 notificado por este medio, o publicado en el dominio de internet: www.garzagas.com.mx.<\/span><\/p>\r\n<p style=\"text-align: justify;\"><span style=\"color: #00326b;\">Fecha de actualizaci\u00f3n 01 de Abril de 2020.<br \/><\/span><\/p>[\/et_pb_text][\/et_pb_column][\/et_pb_row][\/et_pb_section][et_pb_section fb_built=\"1\" admin_label=\"Footer\" _builder_version=\"4.11.1\" use_background_color_gradient=\"on\" background_color_gradient_start=\"#1a3569\" background_color_gradient_end=\"#022584\" background_image=\"https:\/\/www.garzagas.com.mx\/wp-content\/uploads\/2021\/10\/dentist-08.png\" parallax=\"on\" max_width=\"90%\" module_alignment=\"center\" custom_margin=\"|-126px||||\" custom_padding=\"80px|0px|18vw|0px|false|false\" animation_style=\"roll\" animation_direction=\"top\" animation_intensity_roll=\"2%\" border_radii=\"|||50vw|50vw\" global_colors_info=\"{}\"][et_pb_row _builder_version=\"4.11.1\" _module_preset=\"default\" global_colors_info=\"{}\"][et_pb_column type=\"4_4\" _builder_version=\"4.11.1\" _module_preset=\"default\" global_colors_info=\"{}\"][et_pb_text _builder_version=\"4.11.1\" text_font=\"|700|||||||\" text_font_size=\"35px\" header_2_font=\"Cantata One||||||||\" header_2_font_size=\"50px\" header_2_line_height=\"1.4em\" background_layout=\"dark\" animation_style=\"slide\" animation_direction=\"bottom\" header_2_font_size_tablet=\"35px\" header_2_font_size_phone=\"25px\" header_2_font_size_last_edited=\"on|desktop\" locked=\"off\" global_colors_info=\"{}\"]<p style=\"text-align: center;\">Contacto<\/p>[\/et_pb_text][\/et_pb_column][\/et_pb_row][et_pb_row column_structure=\"3_5,2_5\" _builder_version=\"3.25\" locked=\"off\" global_colors_info=\"{}\"][et_pb_column type=\"3_5\" _builder_version=\"3.25\" custom_padding=\"|||\" global_colors_info=\"{}\" custom_padding__hover=\"|||\"][et_pb_text _builder_version=\"4.11.1\" _module_preset=\"default\" background_color=\"#FFFFFF\" custom_padding=\"20px|20px|20px|20px|true|true\" border_radii=\"off|||50px|50px\" global_colors_info=\"{}\"]<p><span style=\"color: #000000;\"><span>\u260e <\/span>Numero tel\u00e9fonico: 55 5864 9990<\/span><\/p>\r\n<p><span style=\"color: #000000;\"><span>\u25bc <\/span>Direcci\u00f3n: <span>Andre Marie Ampere Num. 8, Parque Industrial Cuamatla, Cuautitl\u00e1n Izcalli, Estado de M\u00e9xico, C.P. 54730<\/span><\/span><\/p>\r\n<p><span style=\"color: #000000;\"><span>\ud83d\udce8 <\/span>Correo electr\u00f3nico: <a href=\"mailto:contacto@garzagas.com.mx\" target=\"_blank\" rel=\"noopener\">contacto@garzagas.com.mx<\/a><\/span><br \/><span><\/span><\/p>[\/et_pb_text][et_pb_text _builder_version=\"4.11.1\" _module_preset=\"default\" border_radii=\"off|||70px|70px\" global_colors_info=\"{}\"]<p><iframe src=\"https:\/\/www.google.com\/maps\/embed?pb=!1m18!1m12!1m3!1d240723.20924345276!2d-99.39111825852332!3d19.485718498539374!2m3!1f0!2f0!3f0!3m2!1i1024!2i768!4f13.1!3m3!1m2!1s0x85d1fe0c2976246f%3A0x2485638556eb36c1!2sGarza%20Gas!5e0!3m2!1ses!2smx!4v1634836866285!5m2!1ses!2smx\" width=\"600\" height=\"450\" style=\"border: 0;\" allowfullscreen=\"\" loading=\"lazy\"><\/iframe><\/p>[\/et_pb_text][et_pb_image src=\"https:\/\/www.garzagas.com.mx\/wp-content\/uploads\/2021\/10\/pipa-de-gas-lp-garza-gas.png\" title_text=\"pipa de gas lp garza gas\" align_tablet=\"center\" align_phone=\"\" align_last_edited=\"on|desktop\" _builder_version=\"4.11.1\" animation_direction=\"top\" global_colors_info=\"{}\"][\/et_pb_image][\/et_pb_column][et_pb_column type=\"2_5\" _builder_version=\"3.25\" custom_padding=\"|||\" global_colors_info=\"{}\" custom_padding__hover=\"|||\"][et_pb_text _builder_version=\"4.11.1\" _module_preset=\"default\" background_color=\"#f2f2f2\" custom_margin=\"|-22px||||\" custom_padding=\"20px|20px|20px|20px|true|true\" hover_enabled=\"0\" border_radii=\"off|||50px|50px\" global_colors_info=\"{}\" sticky_enabled=\"0\"]<p>[contact-form-7 id=\"139\" title=\"Contacto\" html_id=\"form_contacto\"]<\/p>[\/et_pb_text][\/et_pb_column][\/et_pb_row][\/et_pb_section]","_et_gb_content_width":"","footnotes":""},"class_list":["post-198","page","type-page","status-publish","hentry"],"_links":{"self":[{"href":"https:\/\/www.garzagas.com.mx\/index.php\/wp-json\/wp\/v2\/pages\/198","targetHints":{"allow":["GET"]}}],"collection":[{"href":"https:\/\/www.garzagas.com.mx\/index.php\/wp-json\/wp\/v2\/pages"}],"about":[{"href":"https:\/\/www.garzagas.com.mx\/index.php\/wp-json\/wp\/v2\/types\/page"}],"author":[{"embeddable":true,"href":"https:\/\/www.garzagas.com.mx\/index.php\/wp-json\/wp\/v2\/users\/1"}],"replies":[{"embeddable":true,"href":"https:\/\/www.garzagas.com.mx\/index.php\/wp-json\/wp\/v2\/comments?post=198"}],"version-history":[{"count":12,"href":"https:\/\/www.garzagas.com.mx\/index.php\/wp-json\/wp\/v2\/pages\/198\/revisions"}],"predecessor-version":[{"id":291,"href":"https:\/\/www.garzagas.com.mx\/index.php\/wp-json\/wp\/v2\/pages\/198\/revisions\/291"}],"wp:attachment":[{"href":"https:\/\/www.garzagas.com.mx\/index.php\/wp-json\/wp\/v2\/media?parent=198"}],"curies":[{"name":"wp","href":"https:\/\/api.w.org\/{rel}","templated":true}]}}